{"id":1916,"date":"2024-04-22T11:20:06","date_gmt":"2024-04-22T09:20:06","guid":{"rendered":"https:\/\/www.hotelgiuliocesarecinquale.com\/?page_id=1916"},"modified":"2025-05-04T14:55:15","modified_gmt":"2025-05-04T12:55:15","slug":"faq","status":"publish","type":"page","link":"https:\/\/www.hotelgiuliocesarecinquale.com\/en\/faq\/","title":{"rendered":"FAQ"},"content":{"rendered":"<h3>Sono ammessi gli animali?<\/h3>\n<p>Gli amici a 4 zampe sono sempre ben accetti!<br \/>\nC&#8217;\u00e8 un piccolo extra, una tantum, di \u20ac 15,00 per l&#8217;igienizzazione della stanza.<br \/>\nIl vostro cagnolino potr\u00e0 andare in tutti i luoghi comuni dell&#8217;hotel, tranne che nella sala colazioni interna<\/p>\n<h3>Avete una spiaggia convenzionata?<\/h3>\n<p>Abbiamo a disposizione dei nostri Clienti un ombrellone con 2 sdraio e un lettino, presso ill Bagno Henderson, a 600 m da noi. Iil prezzo al giorno, per un massimo di 4 persone, varia a seconda del periodo (da 25 &#8211; fino a 75 \u20ac giornalieri)<br \/>\nNella tariffa \u00e8 compreso l&#8217;ingresso in piscina.<\/p>\n<h3>Quanto dista il mare?<\/h3>\n<p>La nostra struttura \u00e8 collocata in una strada perpendicolare al mare, a 200 m dalla spiaggia<\/p>\n<h3>C\u2019\u00e8 una spiaggia libera vicino a voi?<\/h3>\n<p>La prima spiaggia libera \u00e8 a Forte dei Marmi e dista 200 m<\/p>\n<h3>Ci sono spiagge con accesso consentito ai cani?<\/h3>\n<p>S\u00ec, la spiaggia libera di Forte dei Marmi, Bagno Le Dune, Bagno Eden<\/p>\n<h3>Noleggiate le biciclette?<\/h3>\n<p>S\u00ec, noleggiamo le biciclette (da uomo e da donna), il costo \u00e8 di \u20ac 5,00 per la prima ora, dalla seconda ora, fino al rientro serale, sono \u20ac 10,00.<\/p>\n<h3>Avete il ristorante interno?<\/h3>\n<p>Il nostro Albergo non effettua servizio ristorante, ma possiamo mettere a disposizione gratuitamente la cucina per la preparazione delle pappe per i bambini.<br \/>\nSi informa, inoltre, che nelle immediate vicinanze ci sono molti ristoranti, o pizzerie e sulla spiaggia tutti i Bagni offrono servizio bar e ristorante con orari molto pi\u00f9 flessibili di un albergo e con la possibilit\u00e0 di adeguare il menu alle esigenze personali, conteggiando solo ci\u00f2 che effettivamente viene consumato.<\/p>\n<p>Nella vicinanza dell&#8217;albergo ci sono anche ristoranti, o gastronomie\u00a0che preparano cibi da asporto, che possono essere consumati sul balcone della camera.<\/p>\n<h3>Avete un parcheggio privato?<\/h3>\n<p>S\u00ec, abbiamo a disposizione 1 posto auto per camera, interno alle pertinenze della struttura, ma non custodito.<br \/>\nIl costo \u00e8 di \u20ac 10,00 da 1 a 7 giorni, per prenotazioni dirette.<\/p>\n<h3>Orari check in \\ Check out?<\/h3>\n<p>La camera sar\u00e0 pronta dalle ore 14:00 in poi, ma se volete venire prima a lasciare la macchina e i bagagli non ci sono problemi, dalle 8 la nostra reception \u00e8 aperta.<br \/>\nIl check out \u00e8 entro le 10,30<br \/>\nIl late check out sar\u00e0 disponibile su richiesta con un piccolo extra<\/p>\n<h3>Avete prodotti senza glutine \\ senza lattosio \\ vegani?<\/h3>\n<p>Abbiamo sul buffet prodotti senza glutine, su richiesta anche prodotti senza lattosio e per vegani\\vegetariani<br \/>\nAbbiamo varie tipologie di latte:<br \/>\nintero \\ senza lattosio \\ di mandorla \\ di cocco \\ di riso \\ di soya<\/p>\n<h3>Che tipologia di colazione avete?<\/h3>\n<p>La nostra colazione \u00e8 a buffet, dove troverete:<br \/>\nprodotti di pasticceria freschi (non surgelati), prodotti di panetteria freschi (non surgelati) panini-pizzette-focaccine-croissant salati-pane a fette-scrocchiarelle, torte fatte in casa, cereali, yogurt, biscotti, uova, affettati, formaggio, frutta, frutta secca, succhi di frutta, acqua, caffetteria espressa, marmellate e cioccolata da spalmare e miele, burro, succo d\u2019acero, pancakes, merendine (confezionate), semi vari, frutta disidratata.<br \/>\nAbbiamo sul buffet prodotti senza glutine, su richiesta anche prodotti senza lattosio e per vegani\\vegetariani<br \/>\nAbbiamo varie tipologie di latte:<br \/>\nintero \\ senza lattosio \\ di mandorla \\ di cocco \\ di riso \\ di soya<br \/>\nPotrete servivi tutto questo dal buffet, ma, se vorrete, la sera prima potrete personalizzare la vostra colazione ordinando la pasticceria e il pane che preferite. La mattina dopo il personale vi servir\u00e0 il cestino con la vostra ordinazione.<\/p>\n<h3>Avete una palestra interna?<\/h3>\n<p>Certamente, abbiamo una zona fitness con:<br \/>\ntapis roulant, cyclette, vogatore, multi-power, elastici, palla da yoga, manubri 2kg\\5kg\\7,5kg\\10kg<br \/>\nPotr\u00e0 essere utilizzata dalle 11.00 alle 23.00, il costo giornaliero \u00e8 di \u20ac 8,00 senza limiti di orario<\/p>\n<h3>Avete camere familiari?<\/h3>\n<p>Abbiamo 2 camere familiari:<br \/>\nuna con un letto matrimoniale (divisibile in 2 letti singoli) + 1 letto ad una piazza e mezza<br \/>\nuna con un letto matrimoniale (divisibile in 2 letti singoli) + 1 letto ad una piazza e mezza<\/p>\n<h3>Quali tipologie di camere avete?<\/h3>\n<p>Abbiamo camere matrimoniali comfort (dove su richiesta \u00e8 possibile aggiungere un letto singolo o una culla con il costo giornaliero di \u20ac 20,00) (letti divisibili in 2 singoli)<br \/>\nCamere matrimoniali standard o matrimoniali uso singole (letti divisibili in 2 singoli)<br \/>\nCamere triple o superior con letto matrimoniale (divisibile in 2 letti singoli) + letto singolo<br \/>\nCamera familiare con un letto matrimoniale (divisibile in 2 letti singoli) + 1 letto ad una piazza e mezza<br \/>\nCamera familiare con un letto matrimoniale (divisibile in 2 letti singoli) + 1 letto a castello<\/p>\n<h3>Quanto costa aggiungere un letto singolo\\culla?<\/h3>\n<p>Il costo per un letto singolo in aggiunta, o per una culla \u00e8 di \u20ac 20,00 al giorno, comprensivo di prima colazione<\/p>\n<h3>La colazione extra quanto costa?<\/h3>\n<p>Se avete prenotato senza la colazione, il costo al giorno, a persona \u00e8 di \u20ac 8,00 e potete decidere giornalmente se vorrete farla o no<\/p>\n<h3>Avete un giardino?<\/h3>\n<p>Abbiamo un piccolo giardino davanti alla struttura con anche un gazebo, dove poter fare colazione o rilassarvi<\/p>\n<h3>Le camere hanno il balcone?<\/h3>\n<p>Quasi tutte le camere hanno il balcone, solamente 1 camera tripla e 1 camera matrimoniale al piano terra non ce l\u2019hanno<\/p>\n<h3>Avete camere al piano terra?<\/h3>\n<p>Abbiamo solamente 1 camera matrimoniale comfort (dove \u00e8 possibile l\u2019aggiunta di un letto singolo o di una culla al costo giornaliero di \u20ac 20,00)<br \/>\nPer accedervi, ci sono solamente 10 scalini<\/p>\n<h3>Avete l\u2019ascensore?<\/h3>\n<p>Purtroppo non abbiamo ancora l\u2019ascensore, ma abbiamo solamente 2 piani.<br \/>\nAl primo piano abbiamo camere matrimoniali comfort\\standard e al secondo piano camere triple e familiari<\/p>\n<h3>Nelle camere si pu\u00f2 fumare?<\/h3>\n<p>No, in tutte le camere \u00e8 vietato fumare, ma quasi tutte le camere (tranne 2) hanno il balconcino privato, dove troverete un tavolino con 2 sedie e il posacenere<\/p>\n<h3>Quanto siete distanti da Forte dei Marmi?<\/h3>\n<p>Siamo a 200 m dal mare e 2,5 km dal centro di Forte dei Marmi, raggiungibile comodamente in bicicletta, auto o a piedi<\/p>\n<h3>Quanto siete distanti dalla clinica privata San Camillo?<\/h3>\n<p>La clinica si trova a Vittoria Apuana, la nostra struttura dista poco pi\u00f9 di 1 km<\/p>\n<h3>Quanto siete distanti dall\u2019ospedale del Cuore?<\/h3>\n<p>L\u2019OPA si trova a Montignoso sulla via Aurelia, la nostra struttura dista circa 3 km<\/p>\n<h3>Quale stazione ferroviaria \u00e8 pi\u00f9 vicina a voi?<\/h3>\n<p>Ci sono 2 stazioni dove poter arrivare comodamente, la stazione di Forte dei Marmi\\Querceta\\Seravezza si trova a 5 km da noi<br \/>\nLa stazione di Massa Centro si trova a 6\\7 km da noi<\/p>\n<h3>C\u2019\u00e8 il servizio taxi?<\/h3>\n<p>Ci sono vari taxi nella zona, se avrete bisogno potremo darvi direttamente il numero del nostro tassista di fiducia<\/p>\n<h3>Ci sono discoteche vicino a voi?<\/h3>\n<p>Siamo vicini, 400 m, dalla discoteca Beach Club (a Cinquale)<br \/>\nSiamo a 3 km dalla discoteca La Capannina di Franceschi (Forte dei Marmi)<br \/>\nA Fiumetto ci sono: Seven Apples, Bussola, Ostrass, Vienna Luce<\/p>\n<h3>Quale uscita autostradale devo prendere per venire da voi?<\/h3>\n<p>Potete uscire sia al casello Versilia che \u00e8 a 5 km da noi, oppure al casello di Massa che \u00e8 a circa 8 km da noi<\/p>\n<h3>Come possiamo pagare?<\/h3>\n<p>Potete pagare tranquillamente tramite il link che vi invieremo da nexi, o tramite bonifico bancario, al momento della prenotazione<br \/>\nDa ottobre a Marzo la cancellazione gratuita \u00e8 possibile fino a 3 giorni prima dell\u2019arrivo.<br \/>\nDa Aprile a Giugno e Settembre la cancellazione gratuita \u00e8 possibile fino a 7 giorni prima dell\u2019arrivo.<br \/>\nLuglio e Agosto la cancellazione gratuita \u00e8 possibile fino a 15 giorni prima dell\u2019arrivo.<\/p>\n<h3>Qual \u00e8 la politica di cancellazione?<\/h3>\n<p>Da ottobre a Marzo la cancellazione gratuita \u00e8 possibile fino a 3 giorni prima dell\u2019arrivo.<br \/>\nDa Aprile a Giugno e Settembre la cancellazione gratuita \u00e8 possibile fino a 7 giorni prima dell\u2019arrivo.<br \/>\nLuglio e Agosto la cancellazione gratuita \u00e8 possibile fino a 15 giorni prima dell\u2019arrivo.<\/p>\n<h3>Quanto dista l\u2019Arena della Versilia?<\/h3>\n<p>Siamo a 1 km<\/p>\n<h3>Quanto dista il teatro Puccini a Torre del Lago?<\/h3>\n<p>Siamo a 30 minuti di macchina<\/p>\n<h3>Quanto dista Villa Bertelli?<\/h3>\n<p>Siamo a 1,5 km<\/p>\n<h3>Quanto dista La Versiliana?<\/h3>\n<p>Siamo a 3,5 km<\/p>\n<h3>Quanto dista il Carnevale di Viareggio?<\/h3>\n<p>Siamo a 30 minuti di macchina, tutto lungo mare<\/p>\n<h3>Quanto dista la cittadella del Carnevale di Viareggio?<\/h3>\n<p>Siamo a 30 minuti di macchina<\/p>\n<h3>Ci sono delle piste ciclabili vicino a voi?<\/h3>\n<p>Certamente, a 200 m dal nostro albergo, sul lungomare, c\u2019\u00e8 una pista ciclabile che va da noi a oltre Viareggio, di circa 15 kmNella direzione Nord, dalla nostra struttura, a Marina di Carrara, altri 13 km di pista ciclabile<\/p>\n<h3>Avete delle colonnine di ricarica per macchine elettriche?<\/h3>\n<p>Noi non le abbiamo, ma siamo a 200 m dal lungomare, dove si trovano varie colonnine di ricarica<\/p>\n<h3>Avete orari di chiusura?<\/h3>\n<p>In estate siamo aperti 24h\\24 7\\7<br \/>\nDa Ottobre a Maggio siamo aperti dalle 6.30 di mattina fino a mezzanotte, su richiesta, per\u00f2, possiamo organizzare l\u2019apertura della portineria 24h<\/p>\n<h3>I ragazzi minorenni possono soggiornare non accompagnati da adulti?<\/h3>\n<p>Possono soggiornare solamente se i genitori ne danno autorizzazione, compilando un modulo che invieremo noi su richiesta<\/p>\n<h3>Ci sono dei parchi giochi per bambini?<\/h3>\n<p>Vicino a noi (50 m) c\u2019\u00e8 una pineta del WWF dove ci sono giochi per i bambini e attrezzi per la palestra all\u2019aria aperta<br \/>\nDavanti alla pineta del WWF c\u2019\u00e8 anche uno sgambatoio per cani<br \/>\nA Forte dei Marmi (2,5km) c\u2019\u00e8 un grande parco giochi in mezzo ad una pineta<br \/>\nSe volete prendere la macchina, vicino Pistoia c\u2019\u00e8 anche il parco di Collodi, dove i bambini si potranno divertire con i giochi a tema Pinocchio<\/p>\n<h3>Quanto dista l\u2019aeroporto di Pisa?<\/h3>\n<p>Siamo a 30 minuti di autostrada<\/p>\n<h3>Quanto dista l&#8217;aeroporto del Cinquale?<\/h3>\n<p>Siamo a 700 m<\/p>\n<h3>Quanto dista Lucca?<\/h3>\n<p>Siamo a 40 minuti di autostrada<\/p>\n<h3>Quanto dista Pisa?<\/h3>\n<p>Siamo a 30 minuti di autostrada<\/p>\n<h3>Quanto dista Firenze?<\/h3>\n<p>Siamo a 1 h di autostrada<\/p>\n<h3>Avete la doccia, o la vasca nelle camere?<\/h3>\n<p>La doccia \u00e8 presente nelle camere matrimoniali standard, in alcune matrimoniali comfort e nelle camere triple, mentre in alcune camere matrimoniali comfort e nelle camere familiari abbiamo la vasca<\/p>\n<h3>Avete il bar?<\/h3>\n<p>Al momento non abbiamo zona bar, ma su richiesta possiamo avere vino bianco\\rosso o spumante\\prosecco<br \/>\nDigestivi \\ limoncello<\/p>\n<h3>Avete il frigo bar in camera?<\/h3>\n<p>S\u00ec, ogni camera ha un piccolo frigo, che lasciamo vuoto per dare la possibilit\u00e0 al cliente di metterci quello che vuole<br \/>\nLe bibite potranno essere richieste direttamente alla reception:<br \/>\nCoca cola \\ aranciata \\ birre \\ acqua \\ th\u00e8<\/p>\n<h3>Fate servizio in camera?<\/h3>\n<p>Certamente, su richiesta possiamo portarvi la colazione, o quello che desiderate, con un costo di \u20ac 2,00<\/p>\n<h3>Fate servizio lavanderia?<\/h3>\n<p>Noi non facciamo questo servizio, ma a 1 km da noi c\u2019\u00e8 una lavanderia a gettoni, o a 1,5 km una lavanderia che pu\u00f2 venire a prendere e riconsegnare la biancheria<\/p>\n<h3>Fate servizio stireria?<\/h3>\n<p>Noi non lo facciamo, ma diamo su richiesta il nostro ferro da stiro verticale, o l\u2019asse da stiro, da poter utilizzare<\/p>\n<h3>Avete il bollitore in camera?<\/h3>\n<p>Possiamo fornirlo su richiesta e disponibilit\u00e0, nel caso non fosse pi\u00f9 disponibile possiamo prepararvi noi le bevande che desiderate<\/p>\n","protected":false},"excerpt":{"rendered":"<p>Sono ammessi gli animali? Gli amici a 4 zampe sono sempre ben accetti! C&#8217;\u00e8 un piccolo extra, una tantum, di&hellip;<\/p>\n<p><a class=\"btn btn-yellow btn-shadow font-weight-bold websoup-read-more-link\" href=\"https:\/\/www.hotelgiuliocesarecinquale.com\/en\/faq\/\">Read More&#8230;<\/a><\/p>\n","protected":false},"author":3,"featured_media":0,"parent":0,"menu_order":0,"comment_status":"closed","ping_status":"closed","template":"","meta":{"_acf_changed":false,"footnotes":""},"class_list":["post-1916","page","type-page","status-publish","hentry"],"acf":[],"yoast_head":"<!-- This site is optimized with the Yoast SEO plugin v26.8 - https:\/\/yoast.com\/product\/yoast-seo-wordpress\/ -->\n<title>FAQ - domande frequenti Hotel Giulio Cesare - Cinquale<\/title>\n<meta name=\"description\" content=\"Le risposte alle domande pi\u00f9 frequenti che ci vengono poste dai nostri clienti. Per ulteriori domande non esitate a contattarci!\" \/>\n<meta name=\"robots\" content=\"index, follow, max-snippet:-1, max-image-preview:large, max-video-preview:-1\" \/>\n<link rel=\"canonical\" href=\"https:\/\/www.hotelgiuliocesarecinquale.com\/en\/faq\/\" \/>\n<meta property=\"og:locale\" content=\"en_US\" \/>\n<meta property=\"og:type\" content=\"article\" \/>\n<meta property=\"og:title\" content=\"FAQ - domande frequenti Hotel Giulio Cesare - Cinquale\" \/>\n<meta property=\"og:description\" content=\"Le risposte alle domande pi\u00f9 frequenti che ci vengono poste dai nostri clienti. Per ulteriori domande non esitate a contattarci!\" \/>\n<meta property=\"og:url\" content=\"https:\/\/www.hotelgiuliocesarecinquale.com\/en\/faq\/\" \/>\n<meta property=\"og:site_name\" content=\"Hotel Giulio Cesare - Cinquale\" \/>\n<meta property=\"article:publisher\" content=\"https:\/\/www.facebook.com\/hotelgiuliocesare\" \/>\n<meta property=\"article:modified_time\" content=\"2025-05-04T12:55:15+00:00\" \/>\n<meta name=\"twitter:card\" content=\"summary_large_image\" \/>\n<meta name=\"twitter:label1\" content=\"Est. reading time\" \/>\n\t<meta name=\"twitter:data1\" content=\"10 minutes\" \/>\n<script type=\"application\/ld+json\" class=\"yoast-schema-graph\">{\"@context\":\"https:\/\/schema.org\",\"@graph\":[{\"@type\":\"WebPage\",\"@id\":\"https:\/\/www.hotelgiuliocesarecinquale.com\/en\/faq\/\",\"url\":\"https:\/\/www.hotelgiuliocesarecinquale.com\/en\/faq\/\",\"name\":\"FAQ - domande frequenti Hotel Giulio Cesare - Cinquale\",\"isPartOf\":{\"@id\":\"https:\/\/www.hotelgiuliocesarecinquale.com\/en\/#website\"},\"datePublished\":\"2024-04-22T09:20:06+00:00\",\"dateModified\":\"2025-05-04T12:55:15+00:00\",\"description\":\"Le risposte alle domande pi\u00f9 frequenti che ci vengono poste dai nostri clienti. Per ulteriori domande non esitate a contattarci!\",\"breadcrumb\":{\"@id\":\"https:\/\/www.hotelgiuliocesarecinquale.com\/en\/faq\/#breadcrumb\"},\"inLanguage\":\"en-US\",\"potentialAction\":[{\"@type\":\"ReadAction\",\"target\":[\"https:\/\/www.hotelgiuliocesarecinquale.com\/en\/faq\/\"]}]},{\"@type\":\"BreadcrumbList\",\"@id\":\"https:\/\/www.hotelgiuliocesarecinquale.com\/en\/faq\/#breadcrumb\",\"itemListElement\":[{\"@type\":\"ListItem\",\"position\":1,\"name\":\"Home\",\"item\":\"https:\/\/www.hotelgiuliocesarecinquale.com\/en\/\"},{\"@type\":\"ListItem\",\"position\":2,\"name\":\"FAQ\"}]},{\"@type\":\"WebSite\",\"@id\":\"https:\/\/www.hotelgiuliocesarecinquale.com\/en\/#website\",\"url\":\"https:\/\/www.hotelgiuliocesarecinquale.com\/en\/\",\"name\":\"Hotel Giulio Cesare *** Cinquale\",\"description\":\"Hotel 3 stelle a Cinquale - Versilia\",\"publisher\":{\"@id\":\"https:\/\/www.hotelgiuliocesarecinquale.com\/en\/#organization\"},\"potentialAction\":[{\"@type\":\"SearchAction\",\"target\":{\"@type\":\"EntryPoint\",\"urlTemplate\":\"https:\/\/www.hotelgiuliocesarecinquale.com\/en\/?s={search_term_string}\"},\"query-input\":{\"@type\":\"PropertyValueSpecification\",\"valueRequired\":true,\"valueName\":\"search_term_string\"}}],\"inLanguage\":\"en-US\"},{\"@type\":\"Organization\",\"@id\":\"https:\/\/www.hotelgiuliocesarecinquale.com\/en\/#organization\",\"name\":\"Hotel Giulio Cesare Cinquale\",\"url\":\"https:\/\/www.hotelgiuliocesarecinquale.com\/en\/\",\"logo\":{\"@type\":\"ImageObject\",\"inLanguage\":\"en-US\",\"@id\":\"https:\/\/www.hotelgiuliocesarecinquale.com\/en\/#\/schema\/logo\/image\/\",\"url\":\"https:\/\/www.hotelgiuliocesarecinquale.com\/wp-content\/uploads\/2019\/09\/logo-blu-footer.png\",\"contentUrl\":\"https:\/\/www.hotelgiuliocesarecinquale.com\/wp-content\/uploads\/2019\/09\/logo-blu-footer.png\",\"width\":195,\"height\":112,\"caption\":\"Hotel Giulio Cesare Cinquale\"},\"image\":{\"@id\":\"https:\/\/www.hotelgiuliocesarecinquale.com\/en\/#\/schema\/logo\/image\/\"},\"sameAs\":[\"https:\/\/www.facebook.com\/hotelgiuliocesare\",\"https:\/\/www.instagram.com\/hotelgiuliocesare\/\"]}]}<\/script>\n<!-- \/ Yoast SEO plugin. -->","yoast_head_json":{"title":"FAQ - domande frequenti Hotel Giulio Cesare - Cinquale","description":"Le risposte alle domande pi\u00f9 frequenti che ci vengono poste dai nostri clienti. Per ulteriori domande non esitate a contattarci!","robots":{"index":"index","follow":"follow","max-snippet":"max-snippet:-1","max-image-preview":"max-image-preview:large","max-video-preview":"max-video-preview:-1"},"canonical":"https:\/\/www.hotelgiuliocesarecinquale.com\/en\/faq\/","og_locale":"en_US","og_type":"article","og_title":"FAQ - domande frequenti Hotel Giulio Cesare - Cinquale","og_description":"Le risposte alle domande pi\u00f9 frequenti che ci vengono poste dai nostri clienti. Per ulteriori domande non esitate a contattarci!","og_url":"https:\/\/www.hotelgiuliocesarecinquale.com\/en\/faq\/","og_site_name":"Hotel Giulio Cesare - Cinquale","article_publisher":"https:\/\/www.facebook.com\/hotelgiuliocesare","article_modified_time":"2025-05-04T12:55:15+00:00","twitter_card":"summary_large_image","twitter_misc":{"Est. reading time":"10 minutes"},"schema":{"@context":"https:\/\/schema.org","@graph":[{"@type":"WebPage","@id":"https:\/\/www.hotelgiuliocesarecinquale.com\/en\/faq\/","url":"https:\/\/www.hotelgiuliocesarecinquale.com\/en\/faq\/","name":"FAQ - domande frequenti Hotel Giulio Cesare - Cinquale","isPartOf":{"@id":"https:\/\/www.hotelgiuliocesarecinquale.com\/en\/#website"},"datePublished":"2024-04-22T09:20:06+00:00","dateModified":"2025-05-04T12:55:15+00:00","description":"Le risposte alle domande pi\u00f9 frequenti che ci vengono poste dai nostri clienti. Per ulteriori domande non esitate a contattarci!","breadcrumb":{"@id":"https:\/\/www.hotelgiuliocesarecinquale.com\/en\/faq\/#breadcrumb"},"inLanguage":"en-US","potentialAction":[{"@type":"ReadAction","target":["https:\/\/www.hotelgiuliocesarecinquale.com\/en\/faq\/"]}]},{"@type":"BreadcrumbList","@id":"https:\/\/www.hotelgiuliocesarecinquale.com\/en\/faq\/#breadcrumb","itemListElement":[{"@type":"ListItem","position":1,"name":"Home","item":"https:\/\/www.hotelgiuliocesarecinquale.com\/en\/"},{"@type":"ListItem","position":2,"name":"FAQ"}]},{"@type":"WebSite","@id":"https:\/\/www.hotelgiuliocesarecinquale.com\/en\/#website","url":"https:\/\/www.hotelgiuliocesarecinquale.com\/en\/","name":"Hotel Giulio Cesare *** Cinquale","description":"Hotel 3 stelle a Cinquale - Versilia","publisher":{"@id":"https:\/\/www.hotelgiuliocesarecinquale.com\/en\/#organization"},"potentialAction":[{"@type":"SearchAction","target":{"@type":"EntryPoint","urlTemplate":"https:\/\/www.hotelgiuliocesarecinquale.com\/en\/?s={search_term_string}"},"query-input":{"@type":"PropertyValueSpecification","valueRequired":true,"valueName":"search_term_string"}}],"inLanguage":"en-US"},{"@type":"Organization","@id":"https:\/\/www.hotelgiuliocesarecinquale.com\/en\/#organization","name":"Hotel Giulio Cesare Cinquale","url":"https:\/\/www.hotelgiuliocesarecinquale.com\/en\/","logo":{"@type":"ImageObject","inLanguage":"en-US","@id":"https:\/\/www.hotelgiuliocesarecinquale.com\/en\/#\/schema\/logo\/image\/","url":"https:\/\/www.hotelgiuliocesarecinquale.com\/wp-content\/uploads\/2019\/09\/logo-blu-footer.png","contentUrl":"https:\/\/www.hotelgiuliocesarecinquale.com\/wp-content\/uploads\/2019\/09\/logo-blu-footer.png","width":195,"height":112,"caption":"Hotel Giulio Cesare Cinquale"},"image":{"@id":"https:\/\/www.hotelgiuliocesarecinquale.com\/en\/#\/schema\/logo\/image\/"},"sameAs":["https:\/\/www.facebook.com\/hotelgiuliocesare","https:\/\/www.instagram.com\/hotelgiuliocesare\/"]}]}},"jetpack_sharing_enabled":true,"_links":{"self":[{"href":"https:\/\/www.hotelgiuliocesarecinquale.com\/en\/wp-json\/wp\/v2\/pages\/1916","targetHints":{"allow":["GET"]}}],"collection":[{"href":"https:\/\/www.hotelgiuliocesarecinquale.com\/en\/wp-json\/wp\/v2\/pages"}],"about":[{"href":"https:\/\/www.hotelgiuliocesarecinquale.com\/en\/wp-json\/wp\/v2\/types\/page"}],"author":[{"embeddable":true,"href":"https:\/\/www.hotelgiuliocesarecinquale.com\/en\/wp-json\/wp\/v2\/users\/3"}],"replies":[{"embeddable":true,"href":"https:\/\/www.hotelgiuliocesarecinquale.com\/en\/wp-json\/wp\/v2\/comments?post=1916"}],"version-history":[{"count":6,"href":"https:\/\/www.hotelgiuliocesarecinquale.com\/en\/wp-json\/wp\/v2\/pages\/1916\/revisions"}],"predecessor-version":[{"id":2123,"href":"https:\/\/www.hotelgiuliocesarecinquale.com\/en\/wp-json\/wp\/v2\/pages\/1916\/revisions\/2123"}],"wp:attachment":[{"href":"https:\/\/www.hotelgiuliocesarecinquale.com\/en\/wp-json\/wp\/v2\/media?parent=1916"}],"curies":[{"name":"wp","href":"https:\/\/api.w.org\/{rel}","templated":true}]}}